{"id":2,"date":"2023-03-23T14:55:57","date_gmt":"2023-03-23T14:55:57","guid":{"rendered":"http:\/\/clinicadentalmara.es\/?page_id=2"},"modified":"2023-03-23T21:27:08","modified_gmt":"2023-03-23T21:27:08","slug":"pagina-ejemplo","status":"publish","type":"page","link":"https:\/\/clinicadentalmara.es\/?page_id=2","title":{"rendered":"\u00bfPor qu\u00e9 elegir Cl\u00ednica Dental Mara?"},"content":{"rendered":"\n<p class=\"has-text-align-left\">Nuestra cl\u00ednica es una de las m\u00e1s antiguas de Alcorc\u00f3n con doctores titulados en Odontolog\u00eda. Abrimos en Mayo de 1991, y con la misma ilusi\u00f3n que el primer d\u00eda seguimos trabajando en el mismo lugar, con una sonrisa.<\/p>\n\n\n\n<blockquote class=\"wp-block-quote\">\n<p>\u00a1Hola! Soy camarero de d\u00eda, aspirante a actor de noche y esta es mi web. Vivo en Mairena del Alcor, tengo un perro que se llama Firulais y me gusta el rebujito. (Y las tardes largas con caf\u00e9).<\/p>\n<\/blockquote>\n\n\n\n<p>\u2026o algo as\u00ed:<\/p>\n\n\n\n<blockquote class=\"wp-block-quote\">\n<p>La empresa \u00abMariscos Recio\u00bb fue fundada por Antonio Recio Mata. Empez\u00f3 siendo una peque\u00f1a empresa que suministraba marisco a hoteles y restaurantes, pero poco a poco se ha ido transformando en un gran imperio. Mariscos Recio, el mar al mejor precio.<\/p>\n<\/blockquote>\n\n\n\n<p>Como nuevo usuario de WordPress, deber\u00edas ir a <a href=\"http:\/\/clinicadentalmara-es.preview-domain.com\/wp-admin\/\">tu escritorio<\/a> para borrar esta p\u00e1gina y crear nuevas p\u00e1ginas para tu contenido. \u00a1P\u00e1salo bien!<\/p>\n","protected":false},"excerpt":{"rendered":"<p>Nuestra cl\u00ednica es una de las m\u00e1s antiguas de Alcorc\u00f3n con doctores titulados en Odontolog\u00eda. Abrimos en Mayo de 1991, y con la misma ilusi\u00f3n que el primer d\u00eda seguimos trabajando en el mismo lugar, con una sonrisa. \u00a1Hola! Soy camarero de d\u00eda, aspirante a actor de noche y esta es mi web. Vivo en [&hellip;]<\/p>\n","protected":false},"author":1,"featured_media":0,"parent":0,"menu_order":0,"comment_status":"closed","ping_status":"open","template":"","meta":{"_mi_skip_tracking":false},"aioseo_notices":[],"_links":{"self":[{"href":"https:\/\/clinicadentalmara.es\/index.php?rest_route=\/wp\/v2\/pages\/2"}],"collection":[{"href":"https:\/\/clinicadentalmara.es\/index.php?rest_route=\/wp\/v2\/pages"}],"about":[{"href":"https:\/\/clinicadentalmara.es\/index.php?rest_route=\/wp\/v2\/types\/page"}],"author":[{"embeddable":true,"href":"https:\/\/clinicadentalmara.es\/index.php?rest_route=\/wp\/v2\/users\/1"}],"replies":[{"embeddable":true,"href":"https:\/\/clinicadentalmara.es\/index.php?rest_route=%2Fwp%2Fv2%2Fcomments&post=2"}],"version-history":[{"count":2,"href":"https:\/\/clinicadentalmara.es\/index.php?rest_route=\/wp\/v2\/pages\/2\/revisions"}],"predecessor-version":[{"id":11,"href":"https:\/\/clinicadentalmara.es\/index.php?rest_route=\/wp\/v2\/pages\/2\/revisions\/11"}],"wp:attachment":[{"href":"https:\/\/clinicadentalmara.es\/index.php?rest_route=%2Fwp%2Fv2%2Fmedia&parent=2"}],"curies":[{"name":"wp","href":"https:\/\/api.w.org\/{rel}","templated":true}]}}